{"id":344,"date":"2022-11-15T10:53:40","date_gmt":"2022-11-15T09:53:40","guid":{"rendered":"https:\/\/staging-demosites-staging.kinsta.cloud\/digital-marketing-agency-v2\/?page_id=344"},"modified":"2025-11-13T16:59:26","modified_gmt":"2025-11-13T15:59:26","slug":"application_development","status":"publish","type":"page","link":"https:\/\/mydblink.com\/index.php\/application_development\/","title":{"rendered":"Application Development"},"content":{"rendered":"\t\t<div data-elementor-type=\"wp-page\" data-elementor-id=\"344\" class=\"elementor elementor-344\">\n\t\t\t\t\t\t<section class=\"elementor-section elementor-top-section elementor-element elementor-element-81da504 elementor-section-height-min-height elementor-section-boxed elementor-section-height-default elementor-section-items-middle wpr-particle-no wpr-jarallax-no wpr-parallax-no wpr-sticky-section-no\" data-id=\"81da504\" data-element_type=\"section\" data-settings=\"{&quot;background_background&quot;:&quot;classic&quot;,&quot;shape_divider_bottom&quot;:&quot;waves&quot;}\">\n\t\t\t\t\t<div class=\"elementor-shape elementor-shape-bottom\" aria-hidden=\"true\" data-negative=\"false\">\n\t\t\t<svg xmlns=\"http:\/\/www.w3.org\/2000\/svg\" viewBox=\"0 0 1000 100\" preserveAspectRatio=\"none\">\n\t<path class=\"elementor-shape-fill\" d=\"M421.9,6.5c22.6-2.5,51.5,0.4,75.5,5.3c23.6,4.9,70.9,23.5,100.5,35.7c75.8,32.2,133.7,44.5,192.6,49.7\n\tc23.6,2.1,48.7,3.5,103.4-2.5c54.7-6,106.2-25.6,106.2-25.6V0H0v30.3c0,0,72,32.6,158.4,30.5c39.2-0.7,92.8-6.7,134-22.4\n\tc21.2-8.1,52.2-18.2,79.7-24.2C399.3,7.9,411.6,7.5,421.9,6.5z\"\/>\n<\/svg>\t\t<\/div>\n\t\t\t\t\t<div class=\"elementor-container elementor-column-gap-default\">\n\t\t\t\t\t<div class=\"elementor-column elementor-col-100 elementor-top-column elementor-element elementor-element-d21ffd1\" data-id=\"d21ffd1\" data-element_type=\"column\">\n\t\t\t<div class=\"elementor-widget-wrap elementor-element-populated\">\n\t\t\t\t\t\t<div class=\"elementor-element elementor-element-d6a9230 elementor-widget elementor-widget-heading\" data-id=\"d6a9230\" data-element_type=\"widget\" data-widget_type=\"heading.default\">\n\t\t\t\t\t<h2 class=\"elementor-heading-title elementor-size-default\">Application Development<\/h2>\t\t\t\t<\/div>\n\t\t\t\t\t<\/div>\n\t\t<\/div>\n\t\t\t\t\t<\/div>\n\t\t<\/section>\n\t\t\t\t<section class=\"elementor-section elementor-top-section elementor-element elementor-element-8fce755 elementor-section-boxed elementor-section-height-default elementor-section-height-default wpr-particle-no wpr-jarallax-no wpr-parallax-no wpr-sticky-section-no\" data-id=\"8fce755\" data-element_type=\"section\">\n\t\t\t\t\t\t<div class=\"elementor-container elementor-column-gap-default\">\n\t\t\t\t\t<div class=\"elementor-column elementor-col-50 elementor-top-column elementor-element elementor-element-daee708 elementor-hidden-tablet elementor-hidden-mobile\" data-id=\"daee708\" data-element_type=\"column\">\n\t\t\t<div class=\"elementor-widget-wrap elementor-element-populated\">\n\t\t\t\t\t\t<div class=\"elementor-element elementor-element-46a701a elementor-widget elementor-widget-image\" data-id=\"46a701a\" data-element_type=\"widget\" data-widget_type=\"image.default\">\n\t\t\t\t\t\t\t\t\t\t\t\t\t\t\t<img fetchpriority=\"high\" decoding=\"async\" width=\"768\" height=\"768\" src=\"https:\/\/mydblink.com\/wp-content\/uploads\/2025\/11\/Generated-Image-November-13-2025-4_27PM-768x768.png\" class=\"attachment-medium_large size-medium_large wp-image-2695\" alt=\"\" srcset=\"https:\/\/mydblink.com\/wp-content\/uploads\/2025\/11\/Generated-Image-November-13-2025-4_27PM-768x768.png 768w, https:\/\/mydblink.com\/wp-content\/uploads\/2025\/11\/Generated-Image-November-13-2025-4_27PM-300x300.png 300w, https:\/\/mydblink.com\/wp-content\/uploads\/2025\/11\/Generated-Image-November-13-2025-4_27PM-150x150.png 150w, https:\/\/mydblink.com\/wp-content\/uploads\/2025\/11\/Generated-Image-November-13-2025-4_27PM-600x600.png 600w, https:\/\/mydblink.com\/wp-content\/uploads\/2025\/11\/Generated-Image-November-13-2025-4_27PM-100x100.png 100w, https:\/\/mydblink.com\/wp-content\/uploads\/2025\/11\/Generated-Image-November-13-2025-4_27PM.png 1024w\" sizes=\"(max-width: 768px) 100vw, 768px\" \/>\t\t\t\t\t\t\t\t\t\t\t\t\t\t\t<\/div>\n\t\t\t\t\t<\/div>\n\t\t<\/div>\n\t\t\t\t<div class=\"elementor-column elementor-col-50 elementor-top-column elementor-element elementor-element-00c7ed8\" data-id=\"00c7ed8\" data-element_type=\"column\">\n\t\t\t<div class=\"elementor-widget-wrap elementor-element-populated\">\n\t\t\t\t\t\t<div class=\"elementor-element elementor-element-4e8f2a4 elementor-widget elementor-widget-spacer\" data-id=\"4e8f2a4\" data-element_type=\"widget\" data-widget_type=\"spacer.default\">\n\t\t\t\t\t\t\t<div class=\"elementor-spacer\">\n\t\t\t<div class=\"elementor-spacer-inner\"><\/div>\n\t\t<\/div>\n\t\t\t\t\t\t<\/div>\n\t\t\t\t<div class=\"elementor-element elementor-element-42bb792 elementor-widget elementor-widget-heading\" data-id=\"42bb792\" data-element_type=\"widget\" data-widget_type=\"heading.default\">\n\t\t\t\t\t<h2 class=\"elementor-heading-title elementor-size-default\">Custom Solution Development<\/h2>\t\t\t\t<\/div>\n\t\t\t\t<div class=\"elementor-element elementor-element-0ccbdb3 elementor-widget elementor-widget-text-editor\" data-id=\"0ccbdb3\" data-element_type=\"widget\" data-widget_type=\"text-editor.default\">\n\t\t\t\t\t\t\t\t\t<p><span class=\"citation-448\">MyDBLINK is dedicated to creating and deploying <\/span><b><span class=\"citation-448\">tailor-made solutions<\/span><\/b><span class=\"citation-448 citation-end-448\"> that address your unique business requirements<\/span><\/p>\t\t\t\t\t\t\t\t<\/div>\n\t\t\t\t<div class=\"elementor-element elementor-element-d026a13 elementor-icon-list--layout-traditional elementor-list-item-link-full_width elementor-widget elementor-widget-icon-list\" data-id=\"d026a13\" data-element_type=\"widget\" data-widget_type=\"icon-list.default\">\n\t\t\t\t\t\t\t<ul class=\"elementor-icon-list-items\">\n\t\t\t\t\t\t\t<li class=\"elementor-icon-list-item\">\n\t\t\t\t\t\t\t\t\t\t\t<span class=\"elementor-icon-list-icon\">\n\t\t\t\t\t\t\t<svg aria-hidden=\"true\" class=\"e-font-icon-svg e-fas-check\" viewBox=\"0 0 512 512\" xmlns=\"http:\/\/www.w3.org\/2000\/svg\"><path d=\"M173.898 439.404l-166.4-166.4c-9.997-9.997-9.997-26.206 0-36.204l36.203-36.204c9.997-9.998 26.207-9.998 36.204 0L192 312.69 432.095 72.596c9.997-9.997 26.207-9.997 36.204 0l36.203 36.204c9.997 9.997 9.997 26.206 0 36.204l-294.4 294.401c-9.998 9.997-26.207 9.997-36.204-.001z\"><\/path><\/svg>\t\t\t\t\t\t<\/span>\n\t\t\t\t\t\t\t\t\t\t<span class=\"elementor-icon-list-text\">Design and Implementation: Their skilled team collaborates closely with you to design and implement bespoke solutions that align perfectly with your specific operational needs.<\/span>\n\t\t\t\t\t\t\t\t\t<\/li>\n\t\t\t\t\t\t\t\t<li class=\"elementor-icon-list-item\">\n\t\t\t\t\t\t\t\t\t\t\t<span class=\"elementor-icon-list-icon\">\n\t\t\t\t\t\t\t<svg aria-hidden=\"true\" class=\"e-font-icon-svg e-fas-check\" viewBox=\"0 0 512 512\" xmlns=\"http:\/\/www.w3.org\/2000\/svg\"><path d=\"M173.898 439.404l-166.4-166.4c-9.997-9.997-9.997-26.206 0-36.204l36.203-36.204c9.997-9.998 26.207-9.998 36.204 0L192 312.69 432.095 72.596c9.997-9.997 26.207-9.997 36.204 0l36.203 36.204c9.997 9.997 9.997 26.206 0 36.204l-294.4 294.401c-9.998 9.997-26.207 9.997-36.204-.001z\"><\/path><\/svg>\t\t\t\t\t\t<\/span>\n\t\t\t\t\t\t\t\t\t\t<span class=\"elementor-icon-list-text\">Scalability: By leveraging cutting-edge technologies and methodologies, they ensure that the solutions not only meet your current needs but also scale with your business as it grows.<\/span>\n\t\t\t\t\t\t\t\t\t<\/li>\n\t\t\t\t\t\t<\/ul>\n\t\t\t\t\t\t<\/div>\n\t\t\t\t<div class=\"elementor-element elementor-element-4dfebb2 wpr-button-icon-style-inline wpr-button-icon-position-right elementor-widget elementor-widget-wpr-button\" data-id=\"4dfebb2\" data-element_type=\"widget\" data-widget_type=\"wpr-button.default\">\n\t\t\t\t\t\t\n\t\t\t\n\t\t\n\t\t<div class=\"wpr-button-wrap elementor-clearfix\">\n\t\t<a class=\"wpr-button wpr-button-effect wpr-button-none\" data-text=\"\" href=\"#link\">\n\t\t\t\n\t\t\t<span class=\"wpr-button-content\">\n\t\t\t\t\t\t\t\t\t<span class=\"wpr-button-text\">Explore More<\/span>\n\t\t\t\t\t\t\t\t\n\t\t\t\t\t\t\t<\/span>\n\t\t<\/a>\n\n\t\t\t\t<\/div>\n\t\n\t\n\t\t\t\t\t<\/div>\n\t\t\t\t\t<\/div>\n\t\t<\/div>\n\t\t\t\t\t<\/div>\n\t\t<\/section>\n\t\t\t\t<section class=\"elementor-section elementor-top-section elementor-element elementor-element-c1e0937 elementor-section-boxed elementor-section-height-default elementor-section-height-default wpr-particle-no wpr-jarallax-no wpr-parallax-no wpr-sticky-section-no elementor-invisible\" data-id=\"c1e0937\" data-element_type=\"section\" data-settings=\"{&quot;animation&quot;:&quot;fadeIn&quot;}\">\n\t\t\t\t\t\t\t<div class=\"elementor-background-overlay\"><\/div>\n\t\t\t\t\t\t\t<div class=\"elementor-container elementor-column-gap-default\">\n\t\t\t\t\t<div class=\"elementor-column elementor-col-100 elementor-top-column elementor-element elementor-element-0698ae8\" data-id=\"0698ae8\" data-element_type=\"column\">\n\t\t\t<div class=\"elementor-widget-wrap elementor-element-populated\">\n\t\t\t\t\t\t<div class=\"elementor-element elementor-element-20defaa elementor-widget elementor-widget-heading\" data-id=\"20defaa\" data-element_type=\"widget\" data-widget_type=\"heading.default\">\n\t\t\t\t\t<h2 class=\"elementor-heading-title elementor-size-default\">Web Platform Maintenance and Evolution (Production Center)<\/h2>\t\t\t\t<\/div>\n\t\t\t\t<div class=\"elementor-element elementor-element-3463e4c elementor-widget elementor-widget-text-editor\" data-id=\"3463e4c\" data-element_type=\"widget\" data-widget_type=\"text-editor.default\">\n\t\t\t\t\t\t\t\t\t<p><span class=\"citation-445\">MyDBLINK operates a Production Center capable of <\/span><b><span class=\"citation-445\">maintaining and evolving Any Web platform<\/span><\/b>.<\/p>\t\t\t\t\t\t\t\t<\/div>\n\t\t\t\t<div class=\"elementor-element elementor-element-bf3b76c elementor-widget elementor-widget-html\" data-id=\"bf3b76c\" data-element_type=\"widget\" data-widget_type=\"html.default\">\n\t\t\t\t\t<style>\r\n\/* Style G\u00e9n\u00e9ral du Conteneur *\/\r\n.mydblink-tech-stack {\r\n    display: flex;\r\n    flex-wrap: wrap;\r\n    justify-content: space-around;\r\n    gap: 20px;\r\n    padding: 30px 0;\r\n    text-align: center;\r\n}\r\n\r\n\/* Style des Cartes de Service *\/\r\n.tech-card {\r\n    flex: 1 1 300px;\r\n    background-color: #ffffff;\r\n    border: 1px solid #e0e0e0;\r\n    border-radius: 10px;\r\n    padding: 20px 15px; \/* R\u00e9duit un peu le padding pour moins d'espace global *\/\r\n    box-shadow: 0 4px 8px rgba(0, 0, 0, 0.05);\r\n    transition: transform 0.3s ease, box-shadow 0.3s ease;\r\n}\r\n\r\n\/* Effet de Survol (Hover Effect) *\/\r\n.tech-card:hover {\r\n    transform: translateY(-5px);\r\n    box-shadow: 0 8px 16px rgba(0, 115, 170, 0.15);\r\n}\r\n\r\n\/* Style des Icones *\/\r\n.tech-card .icon {\r\n    font-size: 40px;\r\n    margin-bottom: 5px; \/* R\u00e9duit l\u2019espace entre l\u2019ic\u00f4ne et le texte *\/\r\n}\r\n\r\n\/* Styles sp\u00e9cifiques pour diff\u00e9rencier les ic\u00f4nes et les couleurs *\/\r\n.tech-card.frontend .icon {\r\n    color: #E63D00;\r\n}\r\n\r\n.tech-card.backend .icon {\r\n    color: #0073aa;\r\n}\r\n\r\n.tech-card.database .icon {\r\n    color: #4CAF50;\r\n}\r\n\r\n\/* Style des Titres *\/\r\n.tech-card h3 {\r\n    font-size: 1.5em;\r\n    color: #333;\r\n    margin: 0 0 5px 0;\r\n}\r\n\r\n\/* Style du Texte Descriptif *\/\r\n.tech-card p {\r\n    font-size: 1em;\r\n    color: #666;\r\n    margin: 0;\r\n}\r\n\r\n\/* Media Query pour les petits \u00e9crans *\/\r\n@media (max-width: 768px) {\r\n    .mydblink-tech-stack {\r\n        flex-direction: column;\r\n        gap: 15px;\r\n    }\r\n    .tech-card {\r\n        flex: 1 1 100%;\r\n    }\r\n}\r\n<\/style>\r\n\r\n<div class=\"mydblink-tech-stack\">\r\n    <div class=\"tech-card frontend\">\r\n        <div class=\"icon\">\r\n            <i class=\"dashicons dashicons-editor-table\"><\/i>\r\n        <\/div>\r\n        <h3>Frontend<\/h3>\r\n        <p>Angular \/ ReactJS<\/p>\r\n    <\/div>\r\n    \r\n    <div class=\"tech-card backend\">\r\n        <div class=\"icon\">\r\n            <i class=\"dashicons dashicons-editor-code\"><\/i>\r\n        <\/div>\r\n        <h3>Backend<\/h3>\r\n        <p>Spring boot \/ Java \/ PHP<\/p>\r\n    <\/div>\r\n    \r\n    <div class=\"tech-card database\">\r\n        <div class=\"icon\">\r\n            <i class=\"dashicons dashicons-database\"><\/i>\r\n        <\/div>\r\n        <h3>Database<\/h3>\r\n        <p>ANY (any database)<\/p>\r\n    <\/div>\r\n<\/div>\r\n\t\t\t\t<\/div>\n\t\t\t\t\t<\/div>\n\t\t<\/div>\n\t\t\t\t\t<\/div>\n\t\t<\/section>\n\t\t\t\t<section class=\"elementor-section elementor-top-section elementor-element elementor-element-bfba483 elementor-section-boxed elementor-section-height-default elementor-section-height-default wpr-particle-no wpr-jarallax-no wpr-parallax-no wpr-sticky-section-no\" data-id=\"bfba483\" data-element_type=\"section\">\n\t\t\t\t\t\t<div class=\"elementor-container elementor-column-gap-default\">\n\t\t\t\t\t<div class=\"elementor-column elementor-col-50 elementor-top-column elementor-element elementor-element-fec7966 elementor-hidden-tablet elementor-hidden-mobile\" data-id=\"fec7966\" data-element_type=\"column\">\n\t\t\t<div class=\"elementor-widget-wrap elementor-element-populated\">\n\t\t\t\t\t\t<div class=\"elementor-element elementor-element-0abfe8d elementor-widget elementor-widget-image\" data-id=\"0abfe8d\" data-element_type=\"widget\" data-widget_type=\"image.default\">\n\t\t\t\t\t\t\t\t\t\t\t\t\t\t\t<img decoding=\"async\" width=\"960\" height=\"539\" src=\"https:\/\/mydblink.com\/wp-content\/uploads\/2025\/11\/Mastering-Business-Continuity-Management-BCM-1-1024x575.jpg\" class=\"attachment-large size-large wp-image-2704\" alt=\"\" srcset=\"https:\/\/mydblink.com\/wp-content\/uploads\/2025\/11\/Mastering-Business-Continuity-Management-BCM-1-1024x575.jpg 1024w, https:\/\/mydblink.com\/wp-content\/uploads\/2025\/11\/Mastering-Business-Continuity-Management-BCM-1-300x169.jpg 300w, https:\/\/mydblink.com\/wp-content\/uploads\/2025\/11\/Mastering-Business-Continuity-Management-BCM-1-768x432.jpg 768w, https:\/\/mydblink.com\/wp-content\/uploads\/2025\/11\/Mastering-Business-Continuity-Management-BCM-1-1536x863.jpg 1536w, https:\/\/mydblink.com\/wp-content\/uploads\/2025\/11\/Mastering-Business-Continuity-Management-BCM-1-600x337.jpg 600w, https:\/\/mydblink.com\/wp-content\/uploads\/2025\/11\/Mastering-Business-Continuity-Management-BCM-1.jpg 1920w\" sizes=\"(max-width: 960px) 100vw, 960px\" \/>\t\t\t\t\t\t\t\t\t\t\t\t\t\t\t<\/div>\n\t\t\t\t\t<\/div>\n\t\t<\/div>\n\t\t\t\t<div class=\"elementor-column elementor-col-50 elementor-top-column elementor-element elementor-element-ec116a1\" data-id=\"ec116a1\" data-element_type=\"column\">\n\t\t\t<div class=\"elementor-widget-wrap elementor-element-populated\">\n\t\t\t\t\t\t<div class=\"elementor-element elementor-element-94cbc98 elementor-widget elementor-widget-heading\" data-id=\"94cbc98\" data-element_type=\"widget\" data-widget_type=\"heading.default\">\n\t\t\t\t\t<h2 class=\"elementor-heading-title elementor-size-default\">24\/7 Support<\/h2>\t\t\t\t<\/div>\n\t\t\t\t<div class=\"elementor-element elementor-element-e178cd3 elementor-widget elementor-widget-heading\" data-id=\"e178cd3\" data-element_type=\"widget\" data-widget_type=\"heading.default\">\n\t\t\t\t\t<h2 class=\"elementor-heading-title elementor-size-default\">Technical Support and Business Continuity <\/h2>\t\t\t\t<\/div>\n\t\t\t\t<div class=\"elementor-element elementor-element-534ae04 elementor-widget elementor-widget-text-editor\" data-id=\"534ae04\" data-element_type=\"widget\" data-widget_type=\"text-editor.default\">\n\t\t\t\t\t\t\t\t\t<p><span class=\"citation-441 citation-end-441\">The center offers comprehensive support and maintenance services to ensure the availability of your solutions<\/span><\/p>\t\t\t\t\t\t\t\t<\/div>\n\t\t<div class=\"elementor-element elementor-element-bec5833 e-flex e-con-boxed wpr-particle-no wpr-jarallax-no wpr-parallax-no wpr-sticky-section-no e-con e-parent\" data-id=\"bec5833\" data-element_type=\"container\">\n\t\t\t\t\t<div class=\"e-con-inner\">\n\t\t<div class=\"elementor-element elementor-element-ed43117 e-grid e-con-full wpr-particle-no wpr-jarallax-no wpr-parallax-no wpr-sticky-section-no e-con e-child\" data-id=\"ed43117\" data-element_type=\"container\">\n\t\t\t\t<div class=\"elementor-element elementor-element-b068d1c elementor-widget elementor-widget-heading\" data-id=\"b068d1c\" data-element_type=\"widget\" data-widget_type=\"heading.default\">\n\t\t\t\t\t<h2 class=\"elementor-heading-title elementor-size-default\">24\/7 IT Support and Business Continuity<\/h2>\t\t\t\t<\/div>\n\t\t\t\t<div class=\"elementor-element elementor-element-e118dd7 elementor-widget elementor-widget-heading\" data-id=\"e118dd7\" data-element_type=\"widget\" data-widget_type=\"heading.default\">\n\t\t\t\t\t<h2 class=\"elementor-heading-title elementor-size-default\">Specific Support Services<\/h2>\t\t\t\t<\/div>\n\t\t\t\t<\/div>\n\t\t\t\t\t<\/div>\n\t\t\t\t<\/div>\n\t\t\t\t\t<\/div>\n\t\t<\/div>\n\t\t\t\t\t<\/div>\n\t\t<\/section>\n\t\t\t\t<\/div>\n\t\t","protected":false},"excerpt":{"rendered":"<p>Application Development Custom Solution Development MyDBLINK is dedicated to creating and deploying tailor-made solutions that address your unique business requirements Design and Implementation: Their skilled team collaborates closely with you to design and implement bespoke solutions that align perfectly with your specific operational needs. Scalability: By leveraging cutting-edge technologies and methodologies, they ensure that the solutions not only meet your current needs but also scale with your business as it grows. Explore More Web Platform Maintenance and Evolution (Production Center) MyDBLINK operates a Production Center capable of maintaining and evolving Any Web platform. Frontend Angular \/ ReactJS Backend Spring boot \/ Java \/ PHP Database ANY (any database) 24\/7 Support Technical Support and Business Continuity The center offers comprehensive support and maintenance services to ensure the availability of your solutions 24\/7 IT Support and Business Continuity Specific Support Services<\/p>\n","protected":false},"author":1,"featured_media":0,"parent":0,"menu_order":0,"comment_status":"closed","ping_status":"closed","template":"elementor_canvas","meta":{"footnotes":""},"class_list":["post-344","page","type-page","status-publish","hentry"],"_links":{"self":[{"href":"https:\/\/mydblink.com\/index.php\/wp-json\/wp\/v2\/pages\/344","targetHints":{"allow":["GET"]}}],"collection":[{"href":"https:\/\/mydblink.com\/index.php\/wp-json\/wp\/v2\/pages"}],"about":[{"href":"https:\/\/mydblink.com\/index.php\/wp-json\/wp\/v2\/types\/page"}],"author":[{"embeddable":true,"href":"https:\/\/mydblink.com\/index.php\/wp-json\/wp\/v2\/users\/1"}],"replies":[{"embeddable":true,"href":"https:\/\/mydblink.com\/index.php\/wp-json\/wp\/v2\/comments?post=344"}],"version-history":[{"count":37,"href":"https:\/\/mydblink.com\/index.php\/wp-json\/wp\/v2\/pages\/344\/revisions"}],"predecessor-version":[{"id":2733,"href":"https:\/\/mydblink.com\/index.php\/wp-json\/wp\/v2\/pages\/344\/revisions\/2733"}],"wp:attachment":[{"href":"https:\/\/mydblink.com\/index.php\/wp-json\/wp\/v2\/media?parent=344"}],"curies":[{"name":"wp","href":"https:\/\/api.w.org\/{rel}","templated":true}]}}